{"id":1195,"date":"2025-06-06T11:45:43","date_gmt":"2025-06-06T11:45:43","guid":{"rendered":"http:\/\/www.ricardofisasfoundation.org\/blog\/"},"modified":"2025-06-10T13:20:36","modified_gmt":"2025-06-10T13:20:36","slug":"blog","status":"publish","type":"page","link":"https:\/\/www.ricardofisasfoundation.org\/es\/blog\/","title":{"rendered":"Blog"},"content":{"rendered":"\t\t<div data-elementor-type=\"wp-page\" data-elementor-id=\"1195\" class=\"elementor elementor-1195 elementor-355\">\n\t\t\t\t<div class=\"elementor-element elementor-element-ac81ff2 e-flex e-con-boxed e-con e-parent\" data-id=\"ac81ff2\" data-element_type=\"container\" data-e-type=\"container\" data-settings=\"{&quot;background_background&quot;:&quot;classic&quot;}\">\n\t\t\t\t\t<div class=\"e-con-inner\">\n\t\t\t\t<div class=\"elementor-element elementor-element-43b1209 elementor-invisible elementor-widget elementor-widget-heading\" data-id=\"43b1209\" data-element_type=\"widget\" data-e-type=\"widget\" data-settings=\"{&quot;_animation&quot;:&quot;fadeInUp&quot;}\" data-widget_type=\"heading.default\">\n\t\t\t\t<div class=\"elementor-widget-container\">\n\t\t\t\t\t<h1 class=\"elementor-heading-title elementor-size-default\">Blog<\/h1>\t\t\t\t<\/div>\n\t\t\t\t<\/div>\n\t\t\t\t\t<\/div>\n\t\t\t\t<\/div>\n\t\t<div class=\"elementor-element elementor-element-4d771ef blog-page-listing-block e-flex e-con-boxed e-con e-parent\" data-id=\"4d771ef\" data-element_type=\"container\" data-e-type=\"container\">\n\t\t\t\t\t<div class=\"e-con-inner\">\n\t\t\t\t<div class=\"elementor-element elementor-element-c2cb76b elementor-invisible elementor-widget elementor-widget-shortcode\" data-id=\"c2cb76b\" data-element_type=\"widget\" data-e-type=\"widget\" data-settings=\"{&quot;_animation&quot;:&quot;fadeInUp&quot;}\" data-widget_type=\"shortcode.default\">\n\t\t\t\t<div class=\"elementor-widget-container\">\n\t\t\t\t\t\t\t<div class=\"elementor-shortcode\">\n\n\n<div class=\"blog-listing-block\">\n\n<div class=\"row loadposts\">\n\n\n\n\n\n\n\n<div class=\"col-md-4\">\n\n<div class=\"blog-listing-box\">\n\n\n<div class=\"blog-listing-thumb\"><a href=\"https:\/\/www.ricardofisasfoundation.org\/es\/el-papel-de-la-estetica-oncologica-en-el-tratamiento-del-cancer\/\"><img decoding=\"async\" src=\"https:\/\/www.ricardofisasfoundation.org\/wp-content\/uploads\/2025\/06\/af75903.webp\" alt=\"El papel de la est\u00e9tica oncol\u00f3gica en el tratamiento del c\u00e1ncer\" \/><\/a><\/div>\n\n\n<div class=\"education-timeline-content\">\n\n\n\n<h3><a href=\"https:\/\/www.ricardofisasfoundation.org\/es\/el-papel-de-la-estetica-oncologica-en-el-tratamiento-del-cancer\/\">El papel de la est\u00e9tica oncol\u00f3gica en el tratamiento del c\u00e1ncer<\/a><\/h3>\n\n<p>Learn how specialized skincare helps cancer patients manage skin sensitivity, dryness, and discomfort during treatment....<\/p>\n\n\n\n\n\n<\/div>\n\n<a href=\"https:\/\/www.ricardofisasfoundation.org\/es\/el-papel-de-la-estetica-oncologica-en-el-tratamiento-del-cancer\/\" class=\"read-more row align-items-center\">Read More <svg xmlns=\"http:\/\/www.w3.org\/2000\/svg\" width=\"12.28\" height=\"8.543\" viewBox=\"0 0 12.28 8.543\">\n\n  <path id=\"Path_4\" data-name=\"Path 4\" d=\"M5.009,4l-.753.753L7.235,7.737H-3V8.805H7.235L4.256,11.79l.753.753L9.28,8.271Z\" transform=\"translate(3 -4)\"\/>\n\n<\/svg><\/a>\n\n<\/div>\n\n<\/div>\n\n\n\n\n\n\n\n<div class=\"col-md-4\">\n\n<div class=\"blog-listing-box\">\n\n\n<div class=\"blog-listing-thumb\"><a href=\"https:\/\/www.ricardofisasfoundation.org\/es\/consejos-para-el-cuidado-de-la-piel-de-los-pacientes-sometidos-a-quimioterapia\/\"><img decoding=\"async\" src=\"https:\/\/www.ricardofisasfoundation.org\/wp-content\/uploads\/2025\/06\/blog06.jpg\" alt=\"Consejos para el cuidado de la piel de los pacientes sometidos a quimioterapia\" \/><\/a><\/div>\n\n\n<div class=\"education-timeline-content\">\n\n\n\n<h3><a href=\"https:\/\/www.ricardofisasfoundation.org\/es\/consejos-para-el-cuidado-de-la-piel-de-los-pacientes-sometidos-a-quimioterapia\/\">Consejos para el cuidado de la piel de los pacientes sometidos a quimioterapia<\/a><\/h3>\n\n<p>Discover gentle skincare routines that can help soothe and protect sensitive skin during cancer treatment&#8230;<\/p>\n\n\n\n\n\n<\/div>\n\n<a href=\"https:\/\/www.ricardofisasfoundation.org\/es\/consejos-para-el-cuidado-de-la-piel-de-los-pacientes-sometidos-a-quimioterapia\/\" class=\"read-more row align-items-center\">Read More <svg xmlns=\"http:\/\/www.w3.org\/2000\/svg\" width=\"12.28\" height=\"8.543\" viewBox=\"0 0 12.28 8.543\">\n\n  <path id=\"Path_4\" data-name=\"Path 4\" d=\"M5.009,4l-.753.753L7.235,7.737H-3V8.805H7.235L4.256,11.79l.753.753L9.28,8.271Z\" transform=\"translate(3 -4)\"\/>\n\n<\/svg><\/a>\n\n<\/div>\n\n<\/div>\n\n\n\n\n\n\n\n<div class=\"col-md-4\">\n\n<div class=\"blog-listing-box\">\n\n\n<div class=\"blog-listing-thumb\"><a href=\"https:\/\/www.ricardofisasfoundation.org\/es\/como-pueden-ayudar-los-esteticistas-a-los-enfermos-de-cancer\/\"><img decoding=\"async\" src=\"https:\/\/www.ricardofisasfoundation.org\/wp-content\/uploads\/2025\/06\/blog07.jpg\" alt=\"C\u00f3mo pueden ayudar los esteticistas a los enfermos de c\u00e1ncer\" \/><\/a><\/div>\n\n\n<div class=\"education-timeline-content\">\n\n\n\n<h3><a href=\"https:\/\/www.ricardofisasfoundation.org\/es\/como-pueden-ayudar-los-esteticistas-a-los-enfermos-de-cancer\/\">C\u00f3mo pueden ayudar los esteticistas a los enfermos de c\u00e1ncer<\/a><\/h3>\n\n<p>Explore how trained professionals provide comfort and confidence through oncology-focused skincare&#8230;<\/p>\n\n\n\n\n\n<\/div>\n\n<a href=\"https:\/\/www.ricardofisasfoundation.org\/es\/como-pueden-ayudar-los-esteticistas-a-los-enfermos-de-cancer\/\" class=\"read-more row align-items-center\">Read More <svg xmlns=\"http:\/\/www.w3.org\/2000\/svg\" width=\"12.28\" height=\"8.543\" viewBox=\"0 0 12.28 8.543\">\n\n  <path id=\"Path_4\" data-name=\"Path 4\" d=\"M5.009,4l-.753.753L7.235,7.737H-3V8.805H7.235L4.256,11.79l.753.753L9.28,8.271Z\" transform=\"translate(3 -4)\"\/>\n\n<\/svg><\/a>\n\n<\/div>\n\n<\/div>\n\n\n<\/div>\n\n\n<\/div>\n\n\n\n<\/div>\n\t\t\t\t\t\t<\/div>\n\t\t\t\t<\/div>\n\t\t\t\t\t<\/div>\n\t\t\t\t<\/div>\n\t\t\t\t<\/div>\n\t\t","protected":false},"excerpt":{"rendered":"<p>Blog<\/p>\n","protected":false},"author":1,"featured_media":0,"parent":0,"menu_order":7,"comment_status":"closed","ping_status":"closed","template":"elementor_header_footer","meta":{"_acf_changed":false,"footnotes":""},"class_list":["post-1195","page","type-page","status-publish","hentry"],"acf":[],"yoast_head":"<!-- This site is optimized with the Yoast SEO plugin v27.5 - https:\/\/yoast.com\/product\/yoast-seo-wordpress\/ -->\n<title>Blog | Ricardo Fisas Foundation<\/title>\n<meta name=\"robots\" content=\"index, follow, max-snippet:-1, max-image-preview:large, max-video-preview:-1\" \/>\n<link rel=\"canonical\" href=\"https:\/\/www.ricardofisasfoundation.org\/es\/blog\/\" \/>\n<meta property=\"og:locale\" content=\"es_ES\" \/>\n<meta property=\"og:type\" content=\"article\" \/>\n<meta property=\"og:title\" content=\"Blog | Ricardo Fisas Foundation\" \/>\n<meta property=\"og:description\" content=\"Blog\" \/>\n<meta property=\"og:url\" content=\"https:\/\/www.ricardofisasfoundation.org\/es\/blog\/\" \/>\n<meta property=\"og:site_name\" content=\"Ricardo Fisas Foundation\" \/>\n<meta property=\"article:modified_time\" content=\"2025-06-10T13:20:36+00:00\" \/>\n<meta name=\"twitter:card\" content=\"summary_large_image\" \/>\n<script type=\"application\/ld+json\" class=\"yoast-schema-graph\">{\"@context\":\"https:\\\/\\\/schema.org\",\"@graph\":[{\"@type\":\"WebPage\",\"@id\":\"https:\\\/\\\/www.ricardofisasfoundation.org\\\/es\\\/blog\\\/\",\"url\":\"https:\\\/\\\/www.ricardofisasfoundation.org\\\/es\\\/blog\\\/\",\"name\":\"Blog | Ricardo Fisas Foundation\",\"isPartOf\":{\"@id\":\"https:\\\/\\\/www.ricardofisasfoundation.org\\\/es\\\/#website\"},\"datePublished\":\"2025-06-06T11:45:43+00:00\",\"dateModified\":\"2025-06-10T13:20:36+00:00\",\"breadcrumb\":{\"@id\":\"https:\\\/\\\/www.ricardofisasfoundation.org\\\/es\\\/blog\\\/#breadcrumb\"},\"inLanguage\":\"es\",\"potentialAction\":[{\"@type\":\"ReadAction\",\"target\":[\"https:\\\/\\\/www.ricardofisasfoundation.org\\\/es\\\/blog\\\/\"]}]},{\"@type\":\"BreadcrumbList\",\"@id\":\"https:\\\/\\\/www.ricardofisasfoundation.org\\\/es\\\/blog\\\/#breadcrumb\",\"itemListElement\":[{\"@type\":\"ListItem\",\"position\":1,\"name\":\"Home\",\"item\":\"https:\\\/\\\/www.ricardofisasfoundation.org\\\/es\\\/\"},{\"@type\":\"ListItem\",\"position\":2,\"name\":\"Blog\"}]},{\"@type\":\"WebSite\",\"@id\":\"https:\\\/\\\/www.ricardofisasfoundation.org\\\/es\\\/#website\",\"url\":\"https:\\\/\\\/www.ricardofisasfoundation.org\\\/es\\\/\",\"name\":\"Ricardo Fisas Foundation\",\"description\":\"Where compassionate aesthetic care meets cancer support\",\"publisher\":{\"@id\":\"https:\\\/\\\/www.ricardofisasfoundation.org\\\/es\\\/#organization\"},\"potentialAction\":[{\"@type\":\"SearchAction\",\"target\":{\"@type\":\"EntryPoint\",\"urlTemplate\":\"https:\\\/\\\/www.ricardofisasfoundation.org\\\/es\\\/?s={search_term_string}\"},\"query-input\":{\"@type\":\"PropertyValueSpecification\",\"valueRequired\":true,\"valueName\":\"search_term_string\"}}],\"inLanguage\":\"es\"},{\"@type\":\"Organization\",\"@id\":\"https:\\\/\\\/www.ricardofisasfoundation.org\\\/es\\\/#organization\",\"name\":\"Ricardo Fisas Foundation\",\"url\":\"https:\\\/\\\/www.ricardofisasfoundation.org\\\/es\\\/\",\"logo\":{\"@type\":\"ImageObject\",\"inLanguage\":\"es\",\"@id\":\"https:\\\/\\\/www.ricardofisasfoundation.org\\\/es\\\/#\\\/schema\\\/logo\\\/image\\\/\",\"url\":\"https:\\\/\\\/www.ricardofisasfoundation.org\\\/wp-content\\\/uploads\\\/2025\\\/06\\\/social-preivew-logo.png\",\"contentUrl\":\"https:\\\/\\\/www.ricardofisasfoundation.org\\\/wp-content\\\/uploads\\\/2025\\\/06\\\/social-preivew-logo.png\",\"width\":300,\"height\":300,\"caption\":\"Ricardo Fisas Foundation\"},\"image\":{\"@id\":\"https:\\\/\\\/www.ricardofisasfoundation.org\\\/es\\\/#\\\/schema\\\/logo\\\/image\\\/\"}}]}<\/script>\n<!-- \/ Yoast SEO plugin. -->","yoast_head_json":{"title":"Blog | Ricardo Fisas Foundation","robots":{"index":"index","follow":"follow","max-snippet":"max-snippet:-1","max-image-preview":"max-image-preview:large","max-video-preview":"max-video-preview:-1"},"canonical":"https:\/\/www.ricardofisasfoundation.org\/es\/blog\/","og_locale":"es_ES","og_type":"article","og_title":"Blog | Ricardo Fisas Foundation","og_description":"Blog","og_url":"https:\/\/www.ricardofisasfoundation.org\/es\/blog\/","og_site_name":"Ricardo Fisas Foundation","article_modified_time":"2025-06-10T13:20:36+00:00","twitter_card":"summary_large_image","schema":{"@context":"https:\/\/schema.org","@graph":[{"@type":"WebPage","@id":"https:\/\/www.ricardofisasfoundation.org\/es\/blog\/","url":"https:\/\/www.ricardofisasfoundation.org\/es\/blog\/","name":"Blog | Ricardo Fisas Foundation","isPartOf":{"@id":"https:\/\/www.ricardofisasfoundation.org\/es\/#website"},"datePublished":"2025-06-06T11:45:43+00:00","dateModified":"2025-06-10T13:20:36+00:00","breadcrumb":{"@id":"https:\/\/www.ricardofisasfoundation.org\/es\/blog\/#breadcrumb"},"inLanguage":"es","potentialAction":[{"@type":"ReadAction","target":["https:\/\/www.ricardofisasfoundation.org\/es\/blog\/"]}]},{"@type":"BreadcrumbList","@id":"https:\/\/www.ricardofisasfoundation.org\/es\/blog\/#breadcrumb","itemListElement":[{"@type":"ListItem","position":1,"name":"Home","item":"https:\/\/www.ricardofisasfoundation.org\/es\/"},{"@type":"ListItem","position":2,"name":"Blog"}]},{"@type":"WebSite","@id":"https:\/\/www.ricardofisasfoundation.org\/es\/#website","url":"https:\/\/www.ricardofisasfoundation.org\/es\/","name":"Ricardo Fisas Foundation","description":"Where compassionate aesthetic care meets cancer support","publisher":{"@id":"https:\/\/www.ricardofisasfoundation.org\/es\/#organization"},"potentialAction":[{"@type":"SearchAction","target":{"@type":"EntryPoint","urlTemplate":"https:\/\/www.ricardofisasfoundation.org\/es\/?s={search_term_string}"},"query-input":{"@type":"PropertyValueSpecification","valueRequired":true,"valueName":"search_term_string"}}],"inLanguage":"es"},{"@type":"Organization","@id":"https:\/\/www.ricardofisasfoundation.org\/es\/#organization","name":"Ricardo Fisas Foundation","url":"https:\/\/www.ricardofisasfoundation.org\/es\/","logo":{"@type":"ImageObject","inLanguage":"es","@id":"https:\/\/www.ricardofisasfoundation.org\/es\/#\/schema\/logo\/image\/","url":"https:\/\/www.ricardofisasfoundation.org\/wp-content\/uploads\/2025\/06\/social-preivew-logo.png","contentUrl":"https:\/\/www.ricardofisasfoundation.org\/wp-content\/uploads\/2025\/06\/social-preivew-logo.png","width":300,"height":300,"caption":"Ricardo Fisas Foundation"},"image":{"@id":"https:\/\/www.ricardofisasfoundation.org\/es\/#\/schema\/logo\/image\/"}}]}},"_links":{"self":[{"href":"https:\/\/www.ricardofisasfoundation.org\/es\/wp-json\/wp\/v2\/pages\/1195","targetHints":{"allow":["GET"]}}],"collection":[{"href":"https:\/\/www.ricardofisasfoundation.org\/es\/wp-json\/wp\/v2\/pages"}],"about":[{"href":"https:\/\/www.ricardofisasfoundation.org\/es\/wp-json\/wp\/v2\/types\/page"}],"author":[{"embeddable":true,"href":"https:\/\/www.ricardofisasfoundation.org\/es\/wp-json\/wp\/v2\/users\/1"}],"replies":[{"embeddable":true,"href":"https:\/\/www.ricardofisasfoundation.org\/es\/wp-json\/wp\/v2\/comments?post=1195"}],"version-history":[{"count":1,"href":"https:\/\/www.ricardofisasfoundation.org\/es\/wp-json\/wp\/v2\/pages\/1195\/revisions"}],"predecessor-version":[{"id":1196,"href":"https:\/\/www.ricardofisasfoundation.org\/es\/wp-json\/wp\/v2\/pages\/1195\/revisions\/1196"}],"wp:attachment":[{"href":"https:\/\/www.ricardofisasfoundation.org\/es\/wp-json\/wp\/v2\/media?parent=1195"}],"curies":[{"name":"wp","href":"https:\/\/api.w.org\/{rel}","templated":true}]}}